{"id":134,"date":"2020-01-16T17:30:28","date_gmt":"2020-01-16T17:30:28","guid":{"rendered":"https:\/\/narima.de\/home\/?page_id=134"},"modified":"2025-11-22T14:31:05","modified_gmt":"2025-11-22T14:31:05","slug":"impressum","status":"publish","type":"page","link":"https:\/\/www.narima.de\/home\/impressum\/","title":{"rendered":"Impressum"},"content":{"rendered":"<p align=\"justify\">Die Inhalte dieser WebSite unterliegen dem Urheberrecht (Copyright). Verantwortlich f\u00fcr den Inhalt im Sinne des Teledienstegesetzes:<br \/>\n<strong> Marion Batorowicz<br \/>\n<\/strong>Schulstr. 13<br \/>\n26316 Varel<\/p>\n<p>Tel.: +49 (0)4451 8055952<br \/>\nE-Mail: <a href=\"\/home\/kontakt\/\">bitte hier klicken<\/a><\/p>\n<p align=\"justify\">Die Beratung durch diese Seiten erfolgt nach bestem Wissen, gilt jedoch nur als unverbindlicher Hinweis, auch in Bezug auf etwaige Schutzrechte Dritter, und befreit den Nutzer nicht von der eigenen Pr\u00fcfung der gelieferten Informationen auf ihre Eignung f\u00fcr die beabsichtigte Verwendung. Anwendung und Verarbeitung der Informationen liegen daher ausschlie\u00dflich im Verantwortungsbereich des Nutzers. Es gelten die <a href=\"https:\/\/www.narima.de\/agb.html\">AGB von narima<\/a>.<\/p>\n<p align=\"justify\">Nachdruck, Aufnahme in Online-Dienste und Internet sowie Vervielf\u00e4ltigung auf Datentr\u00e4ger wie CD-ROM, DVD-ROM etc. d\u00fcrfen nur nach vorheriger schriftlicher Zustimmung erfolgen.<\/p>\n<p align=\"justify\">Auf Inhalte darf jederzeit gelinkt werden, sofern die Inhalte alleiniger Bestandteil eines Browserfensters sind. Das sogenannte Inline-Framing, bei dem WebSite-Inhalte im Frameset anderer Webseiten dargestellt werden, wird hiermit ausdr\u00fccklich untersagt!<\/p>\n<p align=\"justify\">Bitte beachten Sie, dass unsere Seiten und Hyperlinks redaktionell aufgearbeitet werden. Das Kopieren unserer Seiten, der verwendeten Links, der Grafiken und des Layouts f\u00fcr nicht ausschlie\u00dflich private Zwecke ist nur mit unserer ausdr\u00fccklichen Genehmigung gestattet. Um Missverst\u00e4ndnisse zu vermeiden, setzen Sie Sich bitte mit uns in Verbindung.<\/p>\n<p align=\"justify\">F\u00fcr den Inhalt der Seiten, auf die \u00fcber eine Verlinkung verwiesen wird, sind wir nicht verantwortlich. Die Inhalte unterliegen dem Copyright der jeweiligen Anbieter. Deren Inhalte spiegeln nicht unsere Meinung wider, wir haben keinen Einfluss auf die Inhalte. Wir machen ausdr\u00fccklich darauf aufmerksam, dass wir keinerlei Haftung f\u00fcr Sch\u00e4den jedweder Art \u00fcbernehmen, die auf die Verwendung unseres Internet-Angebots zur\u00fcckzuf\u00fchren sind. Sollten Sie \u00fcber Links aus unserem Angebot auf Seiten gelangen, die gegen geltendes Recht verstossen, bitten wir um umgehende Benachrichtigung. Wir werden den entsprechenden Link dann aus unserem Angebot entfernen.<\/p>\n<p><strong>Datenschutzhinweis<\/strong><\/p>\n<p align=\"justify\">Im Rahmen der Nutzung von uns betriebener WebSites werden Daten im Sinne des Teledienstedatenschutzgesetzes erhoben, verarbeitet und gespeichert:<\/p>\n<p align=\"justify\">Auf den Servern werden Logfiles \u00fcber den Zugriff des Betrachters der Seiten aufgezeichnet. Insbesondere wird vermerkt: feste bzw. dynamische IP-Adresse des aufrufenden Nutzers, aufgerufene Seiten, Browser Typ, Referrer-Adressen, Zugriffsdatum und Zugriffszeit.<\/p>\n<p align=\"justify\">Der Webmaster bzw. der Betreiber der WebSite kann diese Daten abrufen. Die in den Logfiles enthaltenen Daten werden ausschlie\u00dflich zu statistischen Zwecken verwendet. Eine Identifizierung des Nutzers findet &#8211; sofern nicht gesetzlich vorgeschrieben &#8211; nicht statt.<\/p>\n<p align=\"justify\">Sollten personenbezogene Daten (Name, Adresse, E-Mail, Tel.Nr. etc) von Besuchern erhoben werden, so ist deren Angabe freiwillig. Die erhobenen Daten werden nicht an Dritte weitergegeben und dienen ebenfalls rein statistischen, organisatorischen oder abrechnungstechnischen Zwecken, wenn nicht im Rahmen der Erhebung auf eine andere Zweckverwendung hingewiesen wird.<\/p>\n","protected":false},"excerpt":{"rendered":"<p>Die Inhalte dieser WebSite unterliegen dem Urheberrecht (Copyright). Verantwortlich f\u00fcr den Inhalt im Sinne des Teledienstegesetzes: Marion Batorowicz Schulstr. 13 26316 Varel Tel.: +49 (0)4451 8055952 E-Mail: bitte hier klicken Die Beratung durch diese Seiten erfolgt nach bestem Wissen, gilt &#8230; <a class=\"more-link\" href=\"https:\/\/www.narima.de\/home\/impressum\/\">Read More &raquo;<\/a><\/p>\n","protected":false},"author":1,"featured_media":0,"parent":0,"menu_order":0,"comment_status":"closed","ping_status":"closed","template":"","meta":{"footnotes":""},"class_list":["post-134","page","type-page","status-publish","hentry"],"yoast_head":"<!-- This site is optimized with the Yoast SEO plugin v27.5 - https:\/\/yoast.com\/product\/yoast-seo-wordpress\/ -->\n<title>NARIMA Impressum<\/title>\n<meta name=\"description\" content=\"NARIMA Impressum -\" \/>\n<meta name=\"robots\" content=\"index, follow, max-snippet:-1, max-image-preview:large, max-video-preview:-1\" \/>\n<link rel=\"canonical\" href=\"https:\/\/www.narima.de\/home\/impressum\/\" \/>\n<meta property=\"og:locale\" content=\"de_DE\" \/>\n<meta property=\"og:type\" content=\"article\" \/>\n<meta property=\"og:title\" content=\"NARIMA Impressum\" \/>\n<meta property=\"og:description\" content=\"NARIMA Impressum -\" \/>\n<meta property=\"og:url\" content=\"https:\/\/www.narima.de\/home\/impressum\/\" \/>\n<meta property=\"og:site_name\" content=\"NARIMA\" \/>\n<meta property=\"article:modified_time\" content=\"2025-11-22T14:31:05+00:00\" \/>\n<meta name=\"twitter:card\" content=\"summary_large_image\" \/>\n<meta name=\"twitter:label1\" content=\"Gesch\u00e4tzte Lesezeit\" \/>\n\t<meta name=\"twitter:data1\" content=\"2\u00a0Minuten\" \/>\n<script type=\"application\/ld+json\" class=\"yoast-schema-graph\">{\"@context\":\"https:\\\/\\\/schema.org\",\"@graph\":[{\"@type\":\"WebPage\",\"@id\":\"https:\\\/\\\/www.narima.de\\\/home\\\/impressum\\\/\",\"url\":\"https:\\\/\\\/www.narima.de\\\/home\\\/impressum\\\/\",\"name\":\"NARIMA Impressum\",\"isPartOf\":{\"@id\":\"https:\\\/\\\/www.narima.de\\\/home\\\/#website\"},\"datePublished\":\"2020-01-16T17:30:28+00:00\",\"dateModified\":\"2025-11-22T14:31:05+00:00\",\"description\":\"NARIMA Impressum -\",\"breadcrumb\":{\"@id\":\"https:\\\/\\\/www.narima.de\\\/home\\\/impressum\\\/#breadcrumb\"},\"inLanguage\":\"de\",\"potentialAction\":[{\"@type\":\"ReadAction\",\"target\":[\"https:\\\/\\\/www.narima.de\\\/home\\\/impressum\\\/\"]}]},{\"@type\":\"BreadcrumbList\",\"@id\":\"https:\\\/\\\/www.narima.de\\\/home\\\/impressum\\\/#breadcrumb\",\"itemListElement\":[{\"@type\":\"ListItem\",\"position\":1,\"name\":\"Home\",\"item\":\"https:\\\/\\\/www.narima.de\\\/home\\\/\"},{\"@type\":\"ListItem\",\"position\":2,\"name\":\"Impressum\"}]},{\"@type\":\"WebSite\",\"@id\":\"https:\\\/\\\/www.narima.de\\\/home\\\/#website\",\"url\":\"https:\\\/\\\/www.narima.de\\\/home\\\/\",\"name\":\"NARIMA\",\"description\":\"Malerei, Objekte, Schmuck und Design\",\"publisher\":{\"@id\":\"https:\\\/\\\/www.narima.de\\\/home\\\/#organization\"},\"potentialAction\":[{\"@type\":\"SearchAction\",\"target\":{\"@type\":\"EntryPoint\",\"urlTemplate\":\"https:\\\/\\\/www.narima.de\\\/home\\\/?s={search_term_string}\"},\"query-input\":{\"@type\":\"PropertyValueSpecification\",\"valueRequired\":true,\"valueName\":\"search_term_string\"}}],\"inLanguage\":\"de\"},{\"@type\":\"Organization\",\"@id\":\"https:\\\/\\\/www.narima.de\\\/home\\\/#organization\",\"name\":\"NARIMA\",\"url\":\"https:\\\/\\\/www.narima.de\\\/home\\\/\",\"logo\":{\"@type\":\"ImageObject\",\"inLanguage\":\"de\",\"@id\":\"https:\\\/\\\/www.narima.de\\\/home\\\/#\\\/schema\\\/logo\\\/image\\\/\",\"url\":\"https:\\\/\\\/www.narima.de\\\/home\\\/wp-content\\\/uploads\\\/2020\\\/01\\\/logo300.png\",\"contentUrl\":\"https:\\\/\\\/www.narima.de\\\/home\\\/wp-content\\\/uploads\\\/2020\\\/01\\\/logo300.png\",\"width\":300,\"height\":62,\"caption\":\"NARIMA\"},\"image\":{\"@id\":\"https:\\\/\\\/www.narima.de\\\/home\\\/#\\\/schema\\\/logo\\\/image\\\/\"}}]}<\/script>\n<!-- \/ Yoast SEO plugin. -->","yoast_head_json":{"title":"NARIMA Impressum","description":"NARIMA Impressum -","robots":{"index":"index","follow":"follow","max-snippet":"max-snippet:-1","max-image-preview":"max-image-preview:large","max-video-preview":"max-video-preview:-1"},"canonical":"https:\/\/www.narima.de\/home\/impressum\/","og_locale":"de_DE","og_type":"article","og_title":"NARIMA Impressum","og_description":"NARIMA Impressum -","og_url":"https:\/\/www.narima.de\/home\/impressum\/","og_site_name":"NARIMA","article_modified_time":"2025-11-22T14:31:05+00:00","twitter_card":"summary_large_image","twitter_misc":{"Gesch\u00e4tzte Lesezeit":"2\u00a0Minuten"},"schema":{"@context":"https:\/\/schema.org","@graph":[{"@type":"WebPage","@id":"https:\/\/www.narima.de\/home\/impressum\/","url":"https:\/\/www.narima.de\/home\/impressum\/","name":"NARIMA Impressum","isPartOf":{"@id":"https:\/\/www.narima.de\/home\/#website"},"datePublished":"2020-01-16T17:30:28+00:00","dateModified":"2025-11-22T14:31:05+00:00","description":"NARIMA Impressum -","breadcrumb":{"@id":"https:\/\/www.narima.de\/home\/impressum\/#breadcrumb"},"inLanguage":"de","potentialAction":[{"@type":"ReadAction","target":["https:\/\/www.narima.de\/home\/impressum\/"]}]},{"@type":"BreadcrumbList","@id":"https:\/\/www.narima.de\/home\/impressum\/#breadcrumb","itemListElement":[{"@type":"ListItem","position":1,"name":"Home","item":"https:\/\/www.narima.de\/home\/"},{"@type":"ListItem","position":2,"name":"Impressum"}]},{"@type":"WebSite","@id":"https:\/\/www.narima.de\/home\/#website","url":"https:\/\/www.narima.de\/home\/","name":"NARIMA","description":"Malerei, Objekte, Schmuck und Design","publisher":{"@id":"https:\/\/www.narima.de\/home\/#organization"},"potentialAction":[{"@type":"SearchAction","target":{"@type":"EntryPoint","urlTemplate":"https:\/\/www.narima.de\/home\/?s={search_term_string}"},"query-input":{"@type":"PropertyValueSpecification","valueRequired":true,"valueName":"search_term_string"}}],"inLanguage":"de"},{"@type":"Organization","@id":"https:\/\/www.narima.de\/home\/#organization","name":"NARIMA","url":"https:\/\/www.narima.de\/home\/","logo":{"@type":"ImageObject","inLanguage":"de","@id":"https:\/\/www.narima.de\/home\/#\/schema\/logo\/image\/","url":"https:\/\/www.narima.de\/home\/wp-content\/uploads\/2020\/01\/logo300.png","contentUrl":"https:\/\/www.narima.de\/home\/wp-content\/uploads\/2020\/01\/logo300.png","width":300,"height":62,"caption":"NARIMA"},"image":{"@id":"https:\/\/www.narima.de\/home\/#\/schema\/logo\/image\/"}}]}},"_links":{"self":[{"href":"https:\/\/www.narima.de\/home\/wp-json\/wp\/v2\/pages\/134","targetHints":{"allow":["GET"]}}],"collection":[{"href":"https:\/\/www.narima.de\/home\/wp-json\/wp\/v2\/pages"}],"about":[{"href":"https:\/\/www.narima.de\/home\/wp-json\/wp\/v2\/types\/page"}],"author":[{"embeddable":true,"href":"https:\/\/www.narima.de\/home\/wp-json\/wp\/v2\/users\/1"}],"replies":[{"embeddable":true,"href":"https:\/\/www.narima.de\/home\/wp-json\/wp\/v2\/comments?post=134"}],"version-history":[{"count":9,"href":"https:\/\/www.narima.de\/home\/wp-json\/wp\/v2\/pages\/134\/revisions"}],"predecessor-version":[{"id":3535,"href":"https:\/\/www.narima.de\/home\/wp-json\/wp\/v2\/pages\/134\/revisions\/3535"}],"wp:attachment":[{"href":"https:\/\/www.narima.de\/home\/wp-json\/wp\/v2\/media?parent=134"}],"curies":[{"name":"wp","href":"https:\/\/api.w.org\/{rel}","templated":true}]}}