{"id":679,"date":"2020-02-06T15:41:12","date_gmt":"2020-02-06T15:41:12","guid":{"rendered":"https:\/\/narima.de\/home\/?page_id=679"},"modified":"2024-02-03T15:53:15","modified_gmt":"2024-02-03T15:53:15","slug":"vita","status":"publish","type":"page","link":"https:\/\/www.narima.de\/home\/vita\/","title":{"rendered":"Vita"},"content":{"rendered":"<div style=\"float: right; margin-left: 10px; margin-right: 0px;\"><img decoding=\"async\" src=\"https:\/\/www.narima.de\/home\/wp-content\/uploads\/Marion_150x200png.png\" alt=\"Portrait Marion Batorowicz\" width=\"150px\" \/><\/div>\r\n\r\n<ul class=\"wp-block-list\">\r\n<li>geb. in Hamburg 1954<\/li>\r\n<li>Grundschule und Gymnasium in K\u00f6ln<\/li>\r\n<li>Bibliothekarstudium<\/li>\r\n<li>Ausbildung zur Tischlerin<\/li>\r\n<li>Ausbildung zur Buchh\u00e4ndlerin<\/li>\r\n<li>Buchh\u00e4ndlerin in K\u00f6ln und Leverkusen<\/li>\r\n<li>Sachbearbeiterin Dokumentation und Archive des WDR-Fernsehen<\/li>\r\n<li>Sachbearbeiterin Programmplanung und Controlling im WDR-Fernsehen<\/li>\r\n<li>Diverse Fortbildungen: Kommunikation, Trauerarbeit<\/li>\r\n<li>Leitung von Selbsthilfegruppen<\/li>\r\n<li>Teilnahme an und Leitung von Workshops<\/li>\r\n<li>Ruhestand an der Nordseek\u00fcste<\/li>\r\n<li>Seit 2024 offenes Atelier und Galerie im Kunstwerk Varel<\/li>\r\n<li>Sprachkenntnisse: Englisch, Franz\u00f6sisch, Polnisch, Niederl\u00e4ndisch, Spanisch<\/li>\r\n<\/ul>\r\n\r\n\r\n\n<figure class=\"wp-block-gallery aligncenter columns-4 is-cropped wp-block-gallery-1 is-layout-flex wp-block-gallery-is-layout-flex\"><ul class=\"blocks-gallery-grid\"><li class=\"blocks-gallery-item\"><figure><a href=\"https:\/\/www.narima.de\/home\/0191\/\"><img loading=\"lazy\" decoding=\"async\" width=\"600\" height=\"430\" src=\"https:\/\/www.narima.de\/home\/wp-content\/uploads\/0191-600x430.png\" alt=\"0191 - Bild ohne Titel - 2021\/06\" data-id=\"2275\" data-full-url=\"https:\/\/www.narima.de\/home\/wp-content\/uploads\/0191.png\" data-link=\"https:\/\/www.narima.de\/home\/0191\/\" class=\"wp-image-2275\" srcset=\"https:\/\/www.narima.de\/home\/wp-content\/uploads\/0191-600x430.png 600w, https:\/\/www.narima.de\/home\/wp-content\/uploads\/0191-300x215.png 300w, https:\/\/www.narima.de\/home\/wp-content\/uploads\/0191-768x551.png 768w, https:\/\/www.narima.de\/home\/wp-content\/uploads\/0191-700x500.png 700w, https:\/\/www.narima.de\/home\/wp-content\/uploads\/0191-620x443.png 620w, https:\/\/www.narima.de\/home\/wp-content\/uploads\/0191-400x286.png 400w, https:\/\/www.narima.de\/home\/wp-content\/uploads\/0191-560x400.png 560w, https:\/\/www.narima.de\/home\/wp-content\/uploads\/0191.png 802w\" sizes=\"auto, (max-width: 600px) 100vw, 600px\" \/><\/a><\/figure><\/li><li class=\"blocks-gallery-item\"><figure><a href=\"https:\/\/www.narima.de\/home\/0189\/\"><img loading=\"lazy\" decoding=\"async\" width=\"600\" height=\"430\" src=\"https:\/\/www.narima.de\/home\/wp-content\/uploads\/0189-600x430.png\" alt=\"0189 - Bild ohne Titel - 2021\/07\" data-id=\"2273\" data-full-url=\"https:\/\/www.narima.de\/home\/wp-content\/uploads\/0189.png\" data-link=\"https:\/\/www.narima.de\/home\/0189\/\" class=\"wp-image-2273\" srcset=\"https:\/\/www.narima.de\/home\/wp-content\/uploads\/0189-600x430.png 600w, https:\/\/www.narima.de\/home\/wp-content\/uploads\/0189-300x215.png 300w, https:\/\/www.narima.de\/home\/wp-content\/uploads\/0189-768x551.png 768w, https:\/\/www.narima.de\/home\/wp-content\/uploads\/0189.png 802w\" sizes=\"auto, (max-width: 600px) 100vw, 600px\" \/><\/a><\/figure><\/li><li class=\"blocks-gallery-item\"><figure><a href=\"https:\/\/www.narima.de\/home\/0179\/\"><img loading=\"lazy\" decoding=\"async\" width=\"600\" height=\"430\" src=\"https:\/\/www.narima.de\/home\/wp-content\/uploads\/0179-600x430.png\" alt=\"0179 - Bild ohne Titel - 2021 - Original: Acryl auf Vlies - ca. 50 x 70 cm\" data-id=\"2134\" data-full-url=\"https:\/\/www.narima.de\/home\/wp-content\/uploads\/0179.png\" data-link=\"https:\/\/www.narima.de\/home\/0179\/\" class=\"wp-image-2134\" srcset=\"https:\/\/www.narima.de\/home\/wp-content\/uploads\/0179-600x430.png 600w, https:\/\/www.narima.de\/home\/wp-content\/uploads\/0179-300x215.png 300w, https:\/\/www.narima.de\/home\/wp-content\/uploads\/0179-768x551.png 768w, https:\/\/www.narima.de\/home\/wp-content\/uploads\/0179-700x500.png 700w, https:\/\/www.narima.de\/home\/wp-content\/uploads\/0179-620x443.png 620w, https:\/\/www.narima.de\/home\/wp-content\/uploads\/0179-400x286.png 400w, https:\/\/www.narima.de\/home\/wp-content\/uploads\/0179-560x400.png 560w, https:\/\/www.narima.de\/home\/wp-content\/uploads\/0179.png 802w\" sizes=\"auto, (max-width: 600px) 100vw, 600px\" \/><\/a><\/figure><\/li><li class=\"blocks-gallery-item\"><figure><a href=\"https:\/\/www.narima.de\/home\/0180\/\"><img loading=\"lazy\" decoding=\"async\" width=\"600\" height=\"430\" src=\"https:\/\/www.narima.de\/home\/wp-content\/uploads\/0180-600x430.png\" alt=\"0180 - Bild ohne Titel - 2021 - Original: Acryl auf Vlies - ca. 50 x 70 cm\" data-id=\"2133\" data-full-url=\"https:\/\/www.narima.de\/home\/wp-content\/uploads\/0180.png\" data-link=\"https:\/\/www.narima.de\/home\/0180\/\" class=\"wp-image-2133\" srcset=\"https:\/\/www.narima.de\/home\/wp-content\/uploads\/0180-600x430.png 600w, https:\/\/www.narima.de\/home\/wp-content\/uploads\/0180-300x215.png 300w, https:\/\/www.narima.de\/home\/wp-content\/uploads\/0180-768x551.png 768w, https:\/\/www.narima.de\/home\/wp-content\/uploads\/0180-700x500.png 700w, https:\/\/www.narima.de\/home\/wp-content\/uploads\/0180-620x443.png 620w, https:\/\/www.narima.de\/home\/wp-content\/uploads\/0180-400x286.png 400w, https:\/\/www.narima.de\/home\/wp-content\/uploads\/0180-560x400.png 560w, https:\/\/www.narima.de\/home\/wp-content\/uploads\/0180.png 802w\" sizes=\"auto, (max-width: 600px) 100vw, 600px\" \/><\/a><\/figure><\/li><li class=\"blocks-gallery-item\"><figure><a href=\"https:\/\/www.narima.de\/home\/0184\/\"><img loading=\"lazy\" decoding=\"async\" width=\"600\" height=\"430\" src=\"https:\/\/www.narima.de\/home\/wp-content\/uploads\/0184-600x430.png\" alt=\"0184 - Bild ohne Titel - 2021 - Original: Acryl auf Leinwand - ca. 50 x 70 cm\" data-id=\"2129\" data-full-url=\"https:\/\/www.narima.de\/home\/wp-content\/uploads\/0184.png\" data-link=\"https:\/\/www.narima.de\/home\/0184\/\" class=\"wp-image-2129\" srcset=\"https:\/\/www.narima.de\/home\/wp-content\/uploads\/0184-600x430.png 600w, https:\/\/www.narima.de\/home\/wp-content\/uploads\/0184-300x215.png 300w, https:\/\/www.narima.de\/home\/wp-content\/uploads\/0184-768x551.png 768w, https:\/\/www.narima.de\/home\/wp-content\/uploads\/0184-700x500.png 700w, https:\/\/www.narima.de\/home\/wp-content\/uploads\/0184-620x443.png 620w, https:\/\/www.narima.de\/home\/wp-content\/uploads\/0184-400x286.png 400w, https:\/\/www.narima.de\/home\/wp-content\/uploads\/0184-560x400.png 560w, https:\/\/www.narima.de\/home\/wp-content\/uploads\/0184.png 802w\" sizes=\"auto, (max-width: 600px) 100vw, 600px\" \/><\/a><\/figure><\/li><li class=\"blocks-gallery-item\"><figure><a href=\"https:\/\/www.narima.de\/home\/0169\/\"><img loading=\"lazy\" decoding=\"async\" width=\"600\" height=\"430\" src=\"https:\/\/www.narima.de\/home\/wp-content\/uploads\/0169-600x430.jpg\" alt=\"0169 - Bild ohne Titel - 2021\/01 - Original: Acryl auf Vlies - ca. 50 x 70 cm\" data-id=\"2058\" data-full-url=\"https:\/\/www.narima.de\/home\/wp-content\/uploads\/0169.jpg\" data-link=\"https:\/\/www.narima.de\/home\/0169\/\" class=\"wp-image-2058\" srcset=\"https:\/\/www.narima.de\/home\/wp-content\/uploads\/0169-600x430.jpg 600w, https:\/\/www.narima.de\/home\/wp-content\/uploads\/0169-300x215.jpg 300w, https:\/\/www.narima.de\/home\/wp-content\/uploads\/0169-768x551.jpg 768w, https:\/\/www.narima.de\/home\/wp-content\/uploads\/0169-700x500.jpg 700w, https:\/\/www.narima.de\/home\/wp-content\/uploads\/0169-620x443.jpg 620w, https:\/\/www.narima.de\/home\/wp-content\/uploads\/0169-400x286.jpg 400w, https:\/\/www.narima.de\/home\/wp-content\/uploads\/0169-560x400.jpg 560w, https:\/\/www.narima.de\/home\/wp-content\/uploads\/0169.jpg 802w\" sizes=\"auto, (max-width: 600px) 100vw, 600px\" \/><\/a><\/figure><\/li><li class=\"blocks-gallery-item\"><figure><a href=\"https:\/\/www.narima.de\/home\/0141\/\"><img loading=\"lazy\" decoding=\"async\" width=\"600\" height=\"431\" src=\"https:\/\/www.narima.de\/home\/wp-content\/uploads\/0141-600x431.jpg\" alt=\"0141 - Bild ohne Titel - 2020\/09 - Original: Acryl auf Papier - ca. 50 x 70 cm\" data-id=\"1375\" data-full-url=\"https:\/\/www.narima.de\/home\/wp-content\/uploads\/0141.jpg\" data-link=\"https:\/\/www.narima.de\/home\/0141\/\" class=\"wp-image-1375\" srcset=\"https:\/\/www.narima.de\/home\/wp-content\/uploads\/0141-600x431.jpg 600w, https:\/\/www.narima.de\/home\/wp-content\/uploads\/0141-300x215.jpg 300w, https:\/\/www.narima.de\/home\/wp-content\/uploads\/0141-400x286.jpg 400w, https:\/\/www.narima.de\/home\/wp-content\/uploads\/0141.jpg 602w\" sizes=\"auto, (max-width: 600px) 100vw, 600px\" \/><\/a><\/figure><\/li><li class=\"blocks-gallery-item\"><figure><a href=\"https:\/\/www.narima.de\/home\/0140\/\"><img loading=\"lazy\" decoding=\"async\" width=\"600\" height=\"431\" src=\"https:\/\/www.narima.de\/home\/wp-content\/uploads\/0140-600x431.jpg\" alt=\"0140 - Bild ohne Titel - 2020\/09 - Original: Acryl auf Vlies - ca. 50 x 70 cm\" data-id=\"1374\" data-full-url=\"https:\/\/www.narima.de\/home\/wp-content\/uploads\/0140.jpg\" data-link=\"https:\/\/www.narima.de\/home\/0140\/\" class=\"wp-image-1374\" srcset=\"https:\/\/www.narima.de\/home\/wp-content\/uploads\/0140-600x431.jpg 600w, https:\/\/www.narima.de\/home\/wp-content\/uploads\/0140-300x215.jpg 300w, https:\/\/www.narima.de\/home\/wp-content\/uploads\/0140-400x286.jpg 400w, https:\/\/www.narima.de\/home\/wp-content\/uploads\/0140.jpg 602w\" sizes=\"auto, (max-width: 600px) 100vw, 600px\" \/><\/a><\/figure><\/li><li class=\"blocks-gallery-item\"><figure><a href=\"https:\/\/www.narima.de\/home\/0137\/\"><img loading=\"lazy\" decoding=\"async\" width=\"600\" height=\"441\" src=\"https:\/\/www.narima.de\/home\/wp-content\/uploads\/0137.jpg\" alt=\"137 - Bild ohne Titel - 2020\/08 - Original: Acryl auf Vlies - ca. 50 x 70 cm\" data-id=\"1194\" data-full-url=\"https:\/\/www.narima.de\/home\/wp-content\/uploads\/0137.jpg\" data-link=\"https:\/\/www.narima.de\/home\/0137\/\" class=\"wp-image-1194\" srcset=\"https:\/\/www.narima.de\/home\/wp-content\/uploads\/0137.jpg 600w, https:\/\/www.narima.de\/home\/wp-content\/uploads\/0137-300x221.jpg 300w\" sizes=\"auto, (max-width: 600px) 100vw, 600px\" \/><\/a><\/figure><\/li><li class=\"blocks-gallery-item\"><figure><a href=\"https:\/\/www.narima.de\/home\/0136\/\"><img loading=\"lazy\" decoding=\"async\" width=\"600\" height=\"405\" src=\"https:\/\/www.narima.de\/home\/wp-content\/uploads\/0136.jpg\" alt=\"136 - Bild ohne Titel - 2020\/08 - Original: Acryl auf Vlies - ca. 50 x 70 cm\" data-id=\"1193\" data-full-url=\"https:\/\/www.narima.de\/home\/wp-content\/uploads\/0136.jpg\" data-link=\"https:\/\/www.narima.de\/home\/0136\/\" class=\"wp-image-1193\" srcset=\"https:\/\/www.narima.de\/home\/wp-content\/uploads\/0136.jpg 600w, https:\/\/www.narima.de\/home\/wp-content\/uploads\/0136-300x203.jpg 300w\" sizes=\"auto, (max-width: 600px) 100vw, 600px\" \/><\/a><\/figure><\/li><\/ul><\/figure>\n","protected":false},"excerpt":{"rendered":"<p>geb. in Hamburg 1954 Grundschule und Gymnasium in K\u00f6ln Bibliothekarstudium Ausbildung zur Tischlerin Ausbildung zur Buchh\u00e4ndlerin Buchh\u00e4ndlerin in K\u00f6ln und Leverkusen Sachbearbeiterin Dokumentation und Archive des WDR-Fernsehen Sachbearbeiterin Programmplanung und Controlling im WDR-Fernsehen Diverse Fortbildungen: Kommunikation, Trauerarbeit Leitung von Selbsthilfegruppen &#8230; <a class=\"more-link\" href=\"https:\/\/www.narima.de\/home\/vita\/\">Read More &raquo;<\/a><\/p>\n","protected":false},"author":1,"featured_media":0,"parent":0,"menu_order":0,"comment_status":"closed","ping_status":"closed","template":"","meta":{"footnotes":""},"class_list":["post-679","page","type-page","status-publish","hentry"],"yoast_head":"<!-- This site is optimized with the Yoast SEO plugin v27.4 - https:\/\/yoast.com\/product\/yoast-seo-wordpress\/ -->\n<title>Vita - NARIMA<\/title>\n<meta name=\"description\" content=\"NARIMA Lebenslauf: Schule, Studium, Ausbildung, Arbeiten\" \/>\n<meta name=\"robots\" content=\"index, follow, max-snippet:-1, max-image-preview:large, max-video-preview:-1\" \/>\n<link rel=\"canonical\" href=\"https:\/\/www.narima.de\/home\/vita\/\" \/>\n<meta property=\"og:locale\" content=\"de_DE\" \/>\n<meta property=\"og:type\" content=\"article\" \/>\n<meta property=\"og:title\" content=\"Vita - NARIMA\" \/>\n<meta property=\"og:description\" content=\"NARIMA Lebenslauf: Schule, Studium, Ausbildung, Arbeiten\" \/>\n<meta property=\"og:url\" content=\"https:\/\/www.narima.de\/home\/vita\/\" \/>\n<meta property=\"og:site_name\" content=\"NARIMA\" \/>\n<meta property=\"article:modified_time\" content=\"2024-02-03T15:53:15+00:00\" \/>\n<meta property=\"og:image\" content=\"https:\/\/www.narima.de\/home\/wp-content\/uploads\/Marion_150x200png.png\" \/>\n<meta name=\"twitter:card\" content=\"summary_large_image\" \/>\n<meta name=\"twitter:label1\" content=\"Gesch\u00e4tzte Lesezeit\" \/>\n\t<meta name=\"twitter:data1\" content=\"1\u00a0Minute\" \/>\n<script type=\"application\/ld+json\" class=\"yoast-schema-graph\">{\"@context\":\"https:\\\/\\\/schema.org\",\"@graph\":[{\"@type\":[\"WebPage\",\"ProfilePage\"],\"@id\":\"https:\\\/\\\/www.narima.de\\\/home\\\/vita\\\/\",\"url\":\"https:\\\/\\\/www.narima.de\\\/home\\\/vita\\\/\",\"name\":\"Vita - NARIMA\",\"isPartOf\":{\"@id\":\"https:\\\/\\\/www.narima.de\\\/home\\\/#website\"},\"primaryImageOfPage\":{\"@id\":\"https:\\\/\\\/www.narima.de\\\/home\\\/vita\\\/#primaryimage\"},\"image\":{\"@id\":\"https:\\\/\\\/www.narima.de\\\/home\\\/vita\\\/#primaryimage\"},\"thumbnailUrl\":\"https:\\\/\\\/www.narima.de\\\/home\\\/wp-content\\\/uploads\\\/Marion_150x200png.png\",\"datePublished\":\"2020-02-06T15:41:12+00:00\",\"dateModified\":\"2024-02-03T15:53:15+00:00\",\"description\":\"NARIMA Lebenslauf: Schule, Studium, Ausbildung, Arbeiten\",\"breadcrumb\":{\"@id\":\"https:\\\/\\\/www.narima.de\\\/home\\\/vita\\\/#breadcrumb\"},\"inLanguage\":\"de\",\"potentialAction\":[{\"@type\":\"ReadAction\",\"target\":[\"https:\\\/\\\/www.narima.de\\\/home\\\/vita\\\/\"]}]},{\"@type\":\"ImageObject\",\"inLanguage\":\"de\",\"@id\":\"https:\\\/\\\/www.narima.de\\\/home\\\/vita\\\/#primaryimage\",\"url\":\"https:\\\/\\\/www.narima.de\\\/home\\\/wp-content\\\/uploads\\\/Marion_150x200png.png\",\"contentUrl\":\"https:\\\/\\\/www.narima.de\\\/home\\\/wp-content\\\/uploads\\\/Marion_150x200png.png\",\"width\":150,\"height\":200,\"caption\":\"Portrait Marion Batorowicz\"},{\"@type\":\"BreadcrumbList\",\"@id\":\"https:\\\/\\\/www.narima.de\\\/home\\\/vita\\\/#breadcrumb\",\"itemListElement\":[{\"@type\":\"ListItem\",\"position\":1,\"name\":\"Home\",\"item\":\"https:\\\/\\\/www.narima.de\\\/home\\\/\"},{\"@type\":\"ListItem\",\"position\":2,\"name\":\"Vita\"}]},{\"@type\":\"WebSite\",\"@id\":\"https:\\\/\\\/www.narima.de\\\/home\\\/#website\",\"url\":\"https:\\\/\\\/www.narima.de\\\/home\\\/\",\"name\":\"NARIMA\",\"description\":\"Malerei, Objekte, Schmuck und Design\",\"publisher\":{\"@id\":\"https:\\\/\\\/www.narima.de\\\/home\\\/#organization\"},\"potentialAction\":[{\"@type\":\"SearchAction\",\"target\":{\"@type\":\"EntryPoint\",\"urlTemplate\":\"https:\\\/\\\/www.narima.de\\\/home\\\/?s={search_term_string}\"},\"query-input\":{\"@type\":\"PropertyValueSpecification\",\"valueRequired\":true,\"valueName\":\"search_term_string\"}}],\"inLanguage\":\"de\"},{\"@type\":\"Organization\",\"@id\":\"https:\\\/\\\/www.narima.de\\\/home\\\/#organization\",\"name\":\"NARIMA\",\"url\":\"https:\\\/\\\/www.narima.de\\\/home\\\/\",\"logo\":{\"@type\":\"ImageObject\",\"inLanguage\":\"de\",\"@id\":\"https:\\\/\\\/www.narima.de\\\/home\\\/#\\\/schema\\\/logo\\\/image\\\/\",\"url\":\"https:\\\/\\\/www.narima.de\\\/home\\\/wp-content\\\/uploads\\\/2020\\\/01\\\/logo300.png\",\"contentUrl\":\"https:\\\/\\\/www.narima.de\\\/home\\\/wp-content\\\/uploads\\\/2020\\\/01\\\/logo300.png\",\"width\":300,\"height\":62,\"caption\":\"NARIMA\"},\"image\":{\"@id\":\"https:\\\/\\\/www.narima.de\\\/home\\\/#\\\/schema\\\/logo\\\/image\\\/\"},\"mainEntityOfPage\":{\"@id\":\"https:\\\/\\\/www.narima.de\\\/home\\\/vita\\\/\"}}]}<\/script>\n<!-- \/ Yoast SEO plugin. -->","yoast_head_json":{"title":"Vita - NARIMA","description":"NARIMA Lebenslauf: Schule, Studium, Ausbildung, Arbeiten","robots":{"index":"index","follow":"follow","max-snippet":"max-snippet:-1","max-image-preview":"max-image-preview:large","max-video-preview":"max-video-preview:-1"},"canonical":"https:\/\/www.narima.de\/home\/vita\/","og_locale":"de_DE","og_type":"article","og_title":"Vita - NARIMA","og_description":"NARIMA Lebenslauf: Schule, Studium, Ausbildung, Arbeiten","og_url":"https:\/\/www.narima.de\/home\/vita\/","og_site_name":"NARIMA","article_modified_time":"2024-02-03T15:53:15+00:00","og_image":[{"url":"https:\/\/www.narima.de\/home\/wp-content\/uploads\/Marion_150x200png.png","type":"","width":"","height":""}],"twitter_card":"summary_large_image","twitter_misc":{"Gesch\u00e4tzte Lesezeit":"1\u00a0Minute"},"schema":{"@context":"https:\/\/schema.org","@graph":[{"@type":["WebPage","ProfilePage"],"@id":"https:\/\/www.narima.de\/home\/vita\/","url":"https:\/\/www.narima.de\/home\/vita\/","name":"Vita - NARIMA","isPartOf":{"@id":"https:\/\/www.narima.de\/home\/#website"},"primaryImageOfPage":{"@id":"https:\/\/www.narima.de\/home\/vita\/#primaryimage"},"image":{"@id":"https:\/\/www.narima.de\/home\/vita\/#primaryimage"},"thumbnailUrl":"https:\/\/www.narima.de\/home\/wp-content\/uploads\/Marion_150x200png.png","datePublished":"2020-02-06T15:41:12+00:00","dateModified":"2024-02-03T15:53:15+00:00","description":"NARIMA Lebenslauf: Schule, Studium, Ausbildung, Arbeiten","breadcrumb":{"@id":"https:\/\/www.narima.de\/home\/vita\/#breadcrumb"},"inLanguage":"de","potentialAction":[{"@type":"ReadAction","target":["https:\/\/www.narima.de\/home\/vita\/"]}]},{"@type":"ImageObject","inLanguage":"de","@id":"https:\/\/www.narima.de\/home\/vita\/#primaryimage","url":"https:\/\/www.narima.de\/home\/wp-content\/uploads\/Marion_150x200png.png","contentUrl":"https:\/\/www.narima.de\/home\/wp-content\/uploads\/Marion_150x200png.png","width":150,"height":200,"caption":"Portrait Marion Batorowicz"},{"@type":"BreadcrumbList","@id":"https:\/\/www.narima.de\/home\/vita\/#breadcrumb","itemListElement":[{"@type":"ListItem","position":1,"name":"Home","item":"https:\/\/www.narima.de\/home\/"},{"@type":"ListItem","position":2,"name":"Vita"}]},{"@type":"WebSite","@id":"https:\/\/www.narima.de\/home\/#website","url":"https:\/\/www.narima.de\/home\/","name":"NARIMA","description":"Malerei, Objekte, Schmuck und Design","publisher":{"@id":"https:\/\/www.narima.de\/home\/#organization"},"potentialAction":[{"@type":"SearchAction","target":{"@type":"EntryPoint","urlTemplate":"https:\/\/www.narima.de\/home\/?s={search_term_string}"},"query-input":{"@type":"PropertyValueSpecification","valueRequired":true,"valueName":"search_term_string"}}],"inLanguage":"de"},{"@type":"Organization","@id":"https:\/\/www.narima.de\/home\/#organization","name":"NARIMA","url":"https:\/\/www.narima.de\/home\/","logo":{"@type":"ImageObject","inLanguage":"de","@id":"https:\/\/www.narima.de\/home\/#\/schema\/logo\/image\/","url":"https:\/\/www.narima.de\/home\/wp-content\/uploads\/2020\/01\/logo300.png","contentUrl":"https:\/\/www.narima.de\/home\/wp-content\/uploads\/2020\/01\/logo300.png","width":300,"height":62,"caption":"NARIMA"},"image":{"@id":"https:\/\/www.narima.de\/home\/#\/schema\/logo\/image\/"},"mainEntityOfPage":{"@id":"https:\/\/www.narima.de\/home\/vita\/"}}]}},"_links":{"self":[{"href":"https:\/\/www.narima.de\/home\/wp-json\/wp\/v2\/pages\/679","targetHints":{"allow":["GET"]}}],"collection":[{"href":"https:\/\/www.narima.de\/home\/wp-json\/wp\/v2\/pages"}],"about":[{"href":"https:\/\/www.narima.de\/home\/wp-json\/wp\/v2\/types\/page"}],"author":[{"embeddable":true,"href":"https:\/\/www.narima.de\/home\/wp-json\/wp\/v2\/users\/1"}],"replies":[{"embeddable":true,"href":"https:\/\/www.narima.de\/home\/wp-json\/wp\/v2\/comments?post=679"}],"version-history":[{"count":35,"href":"https:\/\/www.narima.de\/home\/wp-json\/wp\/v2\/pages\/679\/revisions"}],"predecessor-version":[{"id":2938,"href":"https:\/\/www.narima.de\/home\/wp-json\/wp\/v2\/pages\/679\/revisions\/2938"}],"wp:attachment":[{"href":"https:\/\/www.narima.de\/home\/wp-json\/wp\/v2\/media?parent=679"}],"curies":[{"name":"wp","href":"https:\/\/api.w.org\/{rel}","templated":true}]}}