{"id":956,"date":"2020-06-05T12:19:29","date_gmt":"2020-06-05T12:19:29","guid":{"rendered":"https:\/\/narima.de\/home\/?page_id=956"},"modified":"2023-01-23T17:49:37","modified_gmt":"2023-01-23T17:49:37","slug":"farbinspiration","status":"publish","type":"page","link":"https:\/\/www.narima.de\/home\/arbeiten\/malerei\/farbinspiration\/","title":{"rendered":"Farbinspiration"},"content":{"rendered":"\r\n<h3 class=\"wp-block-heading\">Farbe und Form<\/h3>\r\n\r\n\r\n<p>Manchmal inspiriert mich ein Bild einer Landschaft oder eines Naturereignisses allein auf Grund der Farben zu einem Bild. Fast immer stehen bei der Entstehung meiner Bilder die Farben im Vordergrund und erst sp\u00e4ter entwickeln sich Form und Struktur eine Bildes. Ich nenne das f\u00fcr mich &#8222;Farbinspiration&#8220;. Manchmal \u00e4hnelt mein Bild dem, das mir Inspiration gegeben hat, manchmal entwickelt es sich ganz anders, \u00fcber die urspr\u00fcngliche Vorstellung hinaus.<\/p>\r\n<hr \/>\r\n\r\n\r\n<figure class=\"wp-block-gallery columns-3 wp-block-gallery-1 is-layout-flex wp-block-gallery-is-layout-flex\"><ul class=\"blocks-gallery-grid\"><li class=\"blocks-gallery-item\"><figure><a href=\"https:\/\/www.narima.de\/home\/112_collage-k\/\"><img loading=\"lazy\" decoding=\"async\" width=\"241\" height=\"300\" src=\"https:\/\/www.narima.de\/home\/wp-content\/uploads\/112_COLLAGE-k.png\" alt=\"Collage 112\" data-id=\"931\" data-full-url=\"https:\/\/www.narima.de\/home\/wp-content\/uploads\/112_COLLAGE-k.png\" data-link=\"https:\/\/www.narima.de\/home\/112_collage-k\/\" class=\"wp-image-931\"\/><\/a><\/figure><\/li><li class=\"blocks-gallery-item\"><figure><a href=\"https:\/\/www.narima.de\/home\/113_collage-k\/\"><img loading=\"lazy\" decoding=\"async\" width=\"240\" height=\"300\" src=\"https:\/\/www.narima.de\/home\/wp-content\/uploads\/113_COLLAGE-k.png\" alt=\"Collage 113\" data-id=\"930\" data-full-url=\"https:\/\/www.narima.de\/home\/wp-content\/uploads\/113_COLLAGE-k.png\" data-link=\"https:\/\/www.narima.de\/home\/113_collage-k\/\" class=\"wp-image-930\"\/><\/a><\/figure><\/li><li class=\"blocks-gallery-item\"><figure><a href=\"https:\/\/www.narima.de\/home\/106_collage-k\/\"><img loading=\"lazy\" decoding=\"async\" width=\"241\" height=\"300\" src=\"https:\/\/www.narima.de\/home\/wp-content\/uploads\/106_COLLAGE-k.png\" alt=\"Collage 106\" data-id=\"929\" data-full-url=\"https:\/\/www.narima.de\/home\/wp-content\/uploads\/106_COLLAGE-k.png\" data-link=\"https:\/\/www.narima.de\/home\/106_collage-k\/\" class=\"wp-image-929\"\/><\/a><\/figure><\/li><\/ul><\/figure>\r\n\r\n\r\n\r\n<figure class=\"wp-block-gallery columns-3 wp-block-gallery-2 is-layout-flex wp-block-gallery-is-layout-flex\"><ul class=\"blocks-gallery-grid\"><li class=\"blocks-gallery-item\"><figure><a href=\"https:\/\/www.narima.de\/home\/farbinspiration\/200612_collage-k\/\"><img loading=\"lazy\" decoding=\"async\" width=\"241\" height=\"300\" src=\"https:\/\/www.narima.de\/home\/wp-content\/uploads\/200612_COLLAGE-k.png\" alt=\"\" data-id=\"1039\" data-full-url=\"https:\/\/www.narima.de\/home\/wp-content\/uploads\/200612_COLLAGE-k.png\" data-link=\"https:\/\/www.narima.de\/home\/farbinspiration\/200612_collage-k\/\" class=\"wp-image-1039\"\/><\/a><\/figure><\/li><li class=\"blocks-gallery-item\"><figure><a href=\"https:\/\/www.narima.de\/home\/farbinspiration\/200611_collage-k\/\"><img loading=\"lazy\" decoding=\"async\" width=\"241\" height=\"300\" src=\"https:\/\/www.narima.de\/home\/wp-content\/uploads\/200611_COLLAGE-k.png\" alt=\"\" data-id=\"1041\" data-full-url=\"https:\/\/www.narima.de\/home\/wp-content\/uploads\/200611_COLLAGE-k.png\" data-link=\"https:\/\/www.narima.de\/home\/farbinspiration\/200611_collage-k\/\" class=\"wp-image-1041\"\/><\/a><\/figure><\/li><li class=\"blocks-gallery-item\"><figure><a href=\"https:\/\/www.narima.de\/home\/farbinspiration\/200606_collage-k\/\"><img loading=\"lazy\" decoding=\"async\" width=\"241\" height=\"300\" src=\"https:\/\/www.narima.de\/home\/wp-content\/uploads\/200606_COLLAGE-k.png\" alt=\"\" data-id=\"1040\" data-full-url=\"https:\/\/www.narima.de\/home\/wp-content\/uploads\/200606_COLLAGE-k.png\" data-link=\"https:\/\/www.narima.de\/home\/farbinspiration\/200606_collage-k\/\" class=\"wp-image-1040\"\/><\/a><\/figure><\/li><\/ul><\/figure>\r\n","protected":false},"excerpt":{"rendered":"<p>Farbe und Form Manchmal inspiriert mich ein Bild einer Landschaft oder eines Naturereignisses allein auf Grund der Farben zu einem Bild. Fast immer stehen bei der Entstehung meiner Bilder die Farben im Vordergrund und erst sp\u00e4ter entwickeln sich Form und &#8230; <a class=\"more-link\" href=\"https:\/\/www.narima.de\/home\/arbeiten\/malerei\/farbinspiration\/\">Read More &raquo;<\/a><\/p>\n","protected":false},"author":1,"featured_media":0,"parent":26,"menu_order":0,"comment_status":"closed","ping_status":"closed","template":"","meta":{"footnotes":""},"class_list":["post-956","page","type-page","status-publish","hentry"],"yoast_head":"<!-- This site is optimized with the Yoast SEO plugin v27.4 - https:\/\/yoast.com\/product\/yoast-seo-wordpress\/ -->\n<title>Farbinspiration - NARIMA<\/title>\n<meta name=\"description\" content=\"Farbinspiration - NARIMA\" \/>\n<meta name=\"robots\" content=\"index, follow, max-snippet:-1, max-image-preview:large, max-video-preview:-1\" \/>\n<link rel=\"canonical\" href=\"https:\/\/www.narima.de\/home\/arbeiten\/malerei\/farbinspiration\/\" \/>\n<meta property=\"og:locale\" content=\"de_DE\" \/>\n<meta property=\"og:type\" content=\"article\" \/>\n<meta property=\"og:title\" content=\"Farbinspiration - NARIMA\" \/>\n<meta property=\"og:description\" content=\"Farbinspiration - NARIMA\" \/>\n<meta property=\"og:url\" content=\"https:\/\/www.narima.de\/home\/arbeiten\/malerei\/farbinspiration\/\" \/>\n<meta property=\"og:site_name\" content=\"NARIMA\" \/>\n<meta property=\"article:modified_time\" content=\"2023-01-23T17:49:37+00:00\" \/>\n<meta property=\"og:image\" content=\"https:\/\/www.narima.de\/home\/wp-content\/uploads\/112_COLLAGE-k.png\" \/>\n<meta name=\"twitter:card\" content=\"summary_large_image\" \/>\n<script type=\"application\/ld+json\" class=\"yoast-schema-graph\">{\"@context\":\"https:\\\/\\\/schema.org\",\"@graph\":[{\"@type\":\"WebPage\",\"@id\":\"https:\\\/\\\/www.narima.de\\\/home\\\/arbeiten\\\/malerei\\\/farbinspiration\\\/\",\"url\":\"https:\\\/\\\/www.narima.de\\\/home\\\/arbeiten\\\/malerei\\\/farbinspiration\\\/\",\"name\":\"Farbinspiration - NARIMA\",\"isPartOf\":{\"@id\":\"https:\\\/\\\/www.narima.de\\\/home\\\/#website\"},\"primaryImageOfPage\":{\"@id\":\"https:\\\/\\\/www.narima.de\\\/home\\\/arbeiten\\\/malerei\\\/farbinspiration\\\/#primaryimage\"},\"image\":{\"@id\":\"https:\\\/\\\/www.narima.de\\\/home\\\/arbeiten\\\/malerei\\\/farbinspiration\\\/#primaryimage\"},\"thumbnailUrl\":\"https:\\\/\\\/www.narima.de\\\/home\\\/wp-content\\\/uploads\\\/112_COLLAGE-k.png\",\"datePublished\":\"2020-06-05T12:19:29+00:00\",\"dateModified\":\"2023-01-23T17:49:37+00:00\",\"description\":\"Farbinspiration - NARIMA\",\"breadcrumb\":{\"@id\":\"https:\\\/\\\/www.narima.de\\\/home\\\/arbeiten\\\/malerei\\\/farbinspiration\\\/#breadcrumb\"},\"inLanguage\":\"de\",\"potentialAction\":[{\"@type\":\"ReadAction\",\"target\":[\"https:\\\/\\\/www.narima.de\\\/home\\\/arbeiten\\\/malerei\\\/farbinspiration\\\/\"]}]},{\"@type\":\"ImageObject\",\"inLanguage\":\"de\",\"@id\":\"https:\\\/\\\/www.narima.de\\\/home\\\/arbeiten\\\/malerei\\\/farbinspiration\\\/#primaryimage\",\"url\":\"https:\\\/\\\/www.narima.de\\\/home\\\/wp-content\\\/uploads\\\/112_COLLAGE-k.png\",\"contentUrl\":\"https:\\\/\\\/www.narima.de\\\/home\\\/wp-content\\\/uploads\\\/112_COLLAGE-k.png\",\"width\":241,\"height\":300,\"caption\":\"Collage 112 klein\"},{\"@type\":\"BreadcrumbList\",\"@id\":\"https:\\\/\\\/www.narima.de\\\/home\\\/arbeiten\\\/malerei\\\/farbinspiration\\\/#breadcrumb\",\"itemListElement\":[{\"@type\":\"ListItem\",\"position\":1,\"name\":\"Home\",\"item\":\"https:\\\/\\\/www.narima.de\\\/home\\\/\"},{\"@type\":\"ListItem\",\"position\":2,\"name\":\"Arbeiten\",\"item\":\"https:\\\/\\\/www.narima.de\\\/home\\\/arbeiten\\\/\"},{\"@type\":\"ListItem\",\"position\":3,\"name\":\"Malerei\",\"item\":\"https:\\\/\\\/www.narima.de\\\/home\\\/arbeiten\\\/malerei\\\/\"},{\"@type\":\"ListItem\",\"position\":4,\"name\":\"Farbinspiration\"}]},{\"@type\":\"WebSite\",\"@id\":\"https:\\\/\\\/www.narima.de\\\/home\\\/#website\",\"url\":\"https:\\\/\\\/www.narima.de\\\/home\\\/\",\"name\":\"NARIMA\",\"description\":\"Malerei, Objekte, Schmuck und Design\",\"publisher\":{\"@id\":\"https:\\\/\\\/www.narima.de\\\/home\\\/#organization\"},\"potentialAction\":[{\"@type\":\"SearchAction\",\"target\":{\"@type\":\"EntryPoint\",\"urlTemplate\":\"https:\\\/\\\/www.narima.de\\\/home\\\/?s={search_term_string}\"},\"query-input\":{\"@type\":\"PropertyValueSpecification\",\"valueRequired\":true,\"valueName\":\"search_term_string\"}}],\"inLanguage\":\"de\"},{\"@type\":\"Organization\",\"@id\":\"https:\\\/\\\/www.narima.de\\\/home\\\/#organization\",\"name\":\"NARIMA\",\"url\":\"https:\\\/\\\/www.narima.de\\\/home\\\/\",\"logo\":{\"@type\":\"ImageObject\",\"inLanguage\":\"de\",\"@id\":\"https:\\\/\\\/www.narima.de\\\/home\\\/#\\\/schema\\\/logo\\\/image\\\/\",\"url\":\"https:\\\/\\\/www.narima.de\\\/home\\\/wp-content\\\/uploads\\\/2020\\\/01\\\/logo300.png\",\"contentUrl\":\"https:\\\/\\\/www.narima.de\\\/home\\\/wp-content\\\/uploads\\\/2020\\\/01\\\/logo300.png\",\"width\":300,\"height\":62,\"caption\":\"NARIMA\"},\"image\":{\"@id\":\"https:\\\/\\\/www.narima.de\\\/home\\\/#\\\/schema\\\/logo\\\/image\\\/\"}}]}<\/script>\n<!-- \/ Yoast SEO plugin. -->","yoast_head_json":{"title":"Farbinspiration - NARIMA","description":"Farbinspiration - NARIMA","robots":{"index":"index","follow":"follow","max-snippet":"max-snippet:-1","max-image-preview":"max-image-preview:large","max-video-preview":"max-video-preview:-1"},"canonical":"https:\/\/www.narima.de\/home\/arbeiten\/malerei\/farbinspiration\/","og_locale":"de_DE","og_type":"article","og_title":"Farbinspiration - NARIMA","og_description":"Farbinspiration - NARIMA","og_url":"https:\/\/www.narima.de\/home\/arbeiten\/malerei\/farbinspiration\/","og_site_name":"NARIMA","article_modified_time":"2023-01-23T17:49:37+00:00","og_image":[{"url":"https:\/\/www.narima.de\/home\/wp-content\/uploads\/112_COLLAGE-k.png","type":"","width":"","height":""}],"twitter_card":"summary_large_image","schema":{"@context":"https:\/\/schema.org","@graph":[{"@type":"WebPage","@id":"https:\/\/www.narima.de\/home\/arbeiten\/malerei\/farbinspiration\/","url":"https:\/\/www.narima.de\/home\/arbeiten\/malerei\/farbinspiration\/","name":"Farbinspiration - NARIMA","isPartOf":{"@id":"https:\/\/www.narima.de\/home\/#website"},"primaryImageOfPage":{"@id":"https:\/\/www.narima.de\/home\/arbeiten\/malerei\/farbinspiration\/#primaryimage"},"image":{"@id":"https:\/\/www.narima.de\/home\/arbeiten\/malerei\/farbinspiration\/#primaryimage"},"thumbnailUrl":"https:\/\/www.narima.de\/home\/wp-content\/uploads\/112_COLLAGE-k.png","datePublished":"2020-06-05T12:19:29+00:00","dateModified":"2023-01-23T17:49:37+00:00","description":"Farbinspiration - NARIMA","breadcrumb":{"@id":"https:\/\/www.narima.de\/home\/arbeiten\/malerei\/farbinspiration\/#breadcrumb"},"inLanguage":"de","potentialAction":[{"@type":"ReadAction","target":["https:\/\/www.narima.de\/home\/arbeiten\/malerei\/farbinspiration\/"]}]},{"@type":"ImageObject","inLanguage":"de","@id":"https:\/\/www.narima.de\/home\/arbeiten\/malerei\/farbinspiration\/#primaryimage","url":"https:\/\/www.narima.de\/home\/wp-content\/uploads\/112_COLLAGE-k.png","contentUrl":"https:\/\/www.narima.de\/home\/wp-content\/uploads\/112_COLLAGE-k.png","width":241,"height":300,"caption":"Collage 112 klein"},{"@type":"BreadcrumbList","@id":"https:\/\/www.narima.de\/home\/arbeiten\/malerei\/farbinspiration\/#breadcrumb","itemListElement":[{"@type":"ListItem","position":1,"name":"Home","item":"https:\/\/www.narima.de\/home\/"},{"@type":"ListItem","position":2,"name":"Arbeiten","item":"https:\/\/www.narima.de\/home\/arbeiten\/"},{"@type":"ListItem","position":3,"name":"Malerei","item":"https:\/\/www.narima.de\/home\/arbeiten\/malerei\/"},{"@type":"ListItem","position":4,"name":"Farbinspiration"}]},{"@type":"WebSite","@id":"https:\/\/www.narima.de\/home\/#website","url":"https:\/\/www.narima.de\/home\/","name":"NARIMA","description":"Malerei, Objekte, Schmuck und Design","publisher":{"@id":"https:\/\/www.narima.de\/home\/#organization"},"potentialAction":[{"@type":"SearchAction","target":{"@type":"EntryPoint","urlTemplate":"https:\/\/www.narima.de\/home\/?s={search_term_string}"},"query-input":{"@type":"PropertyValueSpecification","valueRequired":true,"valueName":"search_term_string"}}],"inLanguage":"de"},{"@type":"Organization","@id":"https:\/\/www.narima.de\/home\/#organization","name":"NARIMA","url":"https:\/\/www.narima.de\/home\/","logo":{"@type":"ImageObject","inLanguage":"de","@id":"https:\/\/www.narima.de\/home\/#\/schema\/logo\/image\/","url":"https:\/\/www.narima.de\/home\/wp-content\/uploads\/2020\/01\/logo300.png","contentUrl":"https:\/\/www.narima.de\/home\/wp-content\/uploads\/2020\/01\/logo300.png","width":300,"height":62,"caption":"NARIMA"},"image":{"@id":"https:\/\/www.narima.de\/home\/#\/schema\/logo\/image\/"}}]}},"_links":{"self":[{"href":"https:\/\/www.narima.de\/home\/wp-json\/wp\/v2\/pages\/956","targetHints":{"allow":["GET"]}}],"collection":[{"href":"https:\/\/www.narima.de\/home\/wp-json\/wp\/v2\/pages"}],"about":[{"href":"https:\/\/www.narima.de\/home\/wp-json\/wp\/v2\/types\/page"}],"author":[{"embeddable":true,"href":"https:\/\/www.narima.de\/home\/wp-json\/wp\/v2\/users\/1"}],"replies":[{"embeddable":true,"href":"https:\/\/www.narima.de\/home\/wp-json\/wp\/v2\/comments?post=956"}],"version-history":[{"count":18,"href":"https:\/\/www.narima.de\/home\/wp-json\/wp\/v2\/pages\/956\/revisions"}],"predecessor-version":[{"id":1045,"href":"https:\/\/www.narima.de\/home\/wp-json\/wp\/v2\/pages\/956\/revisions\/1045"}],"up":[{"embeddable":true,"href":"https:\/\/www.narima.de\/home\/wp-json\/wp\/v2\/pages\/26"}],"wp:attachment":[{"href":"https:\/\/www.narima.de\/home\/wp-json\/wp\/v2\/media?parent=956"}],"curies":[{"name":"wp","href":"https:\/\/api.w.org\/{rel}","templated":true}]}}